{"id":1679,"date":"2025-01-14T20:19:50","date_gmt":"2025-01-14T20:19:50","guid":{"rendered":"https:\/\/preview.treethemes.com\/pine\/onepage1\/?page_id=1679"},"modified":"2026-01-05T18:38:40","modified_gmt":"2026-01-05T15:38:40","slug":"home","status":"publish","type":"page","link":"https:\/\/www.technoetiket.com\/","title":{"rendered":"ANASAYFA"},"content":{"rendered":"<div class=\"wpb-content-wrapper\"><p>[vc_row equal_height=&#8221;yes&#8221; content_placement=&#8221;middle&#8221; css_animation=&#8221;none&#8221; bg_type=&#8221;image&#8221; parallax_style=&#8221;vcpb-default&#8221; bg_image_new=&#8221;id^771|url^http:\/\/www.technoetiket.com\/wp-content\/uploads\/2025\/01\/imagegallery7.jpg|caption^null|alt^null|title^imagegallery7.jpg|description^null&#8221; bg_image_repeat=&#8221;no-repeat&#8221; bg_override=&#8221;browser_size&#8221; enable_overlay=&#8221;enable_overlay_value&#8221; overlay_color=&#8221;rgba(0,0,0,0.75)&#8221; el_class=&#8221;min-height-animation&#8221;][vc_column css_animation=&#8221;fadeInUp&#8221;][vc_row_inner parallax_container_speed=&#8221;&#8221; parallax_container_percentage=&#8221;&#8221; splitting_chars=&#8221;yes&#8221; el_class=&#8221;higher_index2&#8243;][vc_column_inner][vc_custom_heading text=&#8221;MARKANIZA DE\u011eER KATAN ET\u0130KET \u00c7\u00d6Z\u00dcMLER\u0130&#8221; font_container=&#8221;tag:h3|text_align:center|color:%23ffffff&#8221; use_theme_fonts=&#8221;yes&#8221; css_animation=&#8221;charsAnimInLong-1&#8243; css=&#8221;&#8221;][\/vc_column_inner][\/vc_row_inner]<div class=\"ult-spacer spacer-69e3610c75808\" data-id=\"69e3610c75808\" data-height=\"20\" data-height-mobile=\"15\" data-height-tab=\"20\" data-height-tab-portrait=\"15\" data-height-mobile-landscape=\"15\" style=\"clear:both;display:block;\"><\/div>[vc_row_inner el_class=&#8221;higher_index2&#8243;][vc_column_inner]<div id=\"uvc-type-wrap-8941\"  data-ultimate-target='#uvc-type-wrap-8941'  data-responsive-json-new='{\"font-size\":\"desktop:50px;tablet_portrait:40px;mobile_landscape:35px;mobile:25px;\",\"line-height\":\"desktop:55px;tablet_portrait:40px;mobile_landscape:40px;mobile:28px;\"}'  class=\"uvc-type-wrap  ult-adjust-bottom-margin ult-responsive big-letter-spacing uvc-type-align-center uvc-type-no-prefix uvc-wrap-144226167369e3610c75873\" style=\"text-align:center;\"><span id=\"typed-144226167369e3610c75873\" class=\"ultimate-typed-main \" style=\"color:#ffffff; font-family:&#039;Plus Jakarta Sans&#039;;font-weight:normal;font-style:normal; text-transform: uppercase;\"><\/span><script type=\"text\/javascript\"> \n\t\t\t\t\t\tjQuery(function($){ \n\t\t\t\t\t\t\t$(document).ready(function(){\n\t\t\t\t\t\t\t\tif( typeof jQuery(\"#typed-144226167369e3610c75873\").typed == \"function\"){\n\t\t\t\t\t\t\t\t\t$(\"#typed-144226167369e3610c75873\").typed({\n\t\t\t\t\t\t\t\t\t\tstrings: [\"ET\u0130KET YAKIN \u00c7EK\u0130M (DOKUMA \/ BASKI DETAY)\",\"\u00dcR\u00dcN \u00dcST\u00dcNDE ET\u0130KET (G\u0130Y\u0130M \/ TEKST\u0130L)\",\"\u00dcRET\u0130M & AT\u00d6YLE\"],\n\t\t\t\t\t\t\t\t\t\ttypeSpeed: 50,\n\t\t\t\t\t\t\t\t\t\tbackSpeed: 50,\n\t\t\t\t\t\t\t\t\t\tstartDelay: 150,\n\t\t\t\t\t\t\t\t\t\tbackDelay: 2500,\n\t\t\t\t\t\t\t\t\t\tloop: true,\n\t\t\t\t\t\t\t\t\t\tloopCount: false,\n\t\t\t\t\t\t\t\t\t\tshowCursor: true,\n\t\t\t\t\t\t\t\t\t\tcursorChar: \"|\",\n\t\t\t\t\t\t\t\t\t\tattr: null\n\t\t\t\t\t\t\t\t\t});\n\t\t\t\t\t\t\t\t}\n\t\t\t\t\t\t\t});\n\t\t\t\t\t\t});\n\t\t\t\t\t<\/script><style>\n\t\t\t\t\t\t\t.uvc-wrap-144226167369e3610c75873 .typed-cursor {\n\t\t\t\t\t\t\t\tcolor:#ffffff;\n\t\t\t\t\t\t\t}\n\t\t\t\t\t\t<\/style><\/div>[\/vc_column_inner][\/vc_row_inner]<div class=\"ult-spacer spacer-69e3610c75a50\" data-id=\"69e3610c75a50\" data-height=\"40\" data-height-mobile=\"25\" data-height-tab=\"40\" data-height-tab-portrait=\"25\" data-height-mobile-landscape=\"25\" style=\"clear:both;display:block;\"><\/div>[vc_row_inner parallax_container_speed=&#8221;&#8221; parallax_container_percentage=&#8221;&#8221; splitting_chars=&#8221;yes&#8221; el_class=&#8221;higher_index2&#8243;][vc_column_inner][\/vc_column_inner][\/vc_row_inner]<div class=\"ult-spacer spacer-69e3610c75a62\" data-id=\"69e3610c75a62\" data-height=\"100\" data-height-mobile=\"70\" data-height-tab=\"\" data-height-tab-portrait=\"70\" data-height-mobile-landscape=\"70\" style=\"clear:both;display:block;\"><\/div>[vc_row_inner el_class=&#8221;absolute-element&#8221;][vc_column_inner][vc_icon type=&#8221;material&#8221; icon_material=&#8221;vc-material vc-material-arrow_downward&#8221; color=&#8221;custom&#8221; size=&#8221;xs&#8221; align=&#8221;center&#8221; css=&#8221;&#8221; link=&#8221;url:%23reso-first-section&#8221; el_class=&#8221;scroll-down-icon nav-to with-shadow&#8221; custom_color=&#8221;#ffffff&#8221;][\/vc_column_inner][\/vc_row_inner][\/vc_column][\/vc_row]<\/p>\n<\/div>","protected":false},"excerpt":{"rendered":"<p>[vc_row equal_height=&#8221;yes&#8221; content_placement=&#8221;middle&#8221; css_animation=&#8221;none&#8221; bg_type=&#8221;image&#8221; parallax_style=&#8221;vcpb-default&#8221; bg_image_new=&#8221;id^771|url^http:\/\/www.technoetiket.com\/wp-content\/uploads\/2025\/01\/imagegallery7.jpg|caption^null|alt^null|title^imagegallery7.jpg|description^null&#8221; bg_image_repeat=&#8221;no-repeat&#8221; bg_override=&#8221;browser_size&#8221; enable_overlay=&#8221;enable_overlay_value&#8221; overlay_color=&#8221;rgba(0,0,0,0.75)&#8221; el_class=&#8221;min-height-animation&#8221;][vc_column css_animation=&#8221;fadeInUp&#8221;][vc_row_inner parallax_container_speed=&#8221;&#8221; parallax_container_percentage=&#8221;&#8221; splitting_chars=&#8221;yes&#8221; el_class=&#8221;higher_index2&#8243;][vc_column_inner][vc_custom_heading text=&#8221;MARKANIZA DE\u011eER KATAN ET\u0130KET \u00c7\u00d6Z\u00dcMLER\u0130&#8221; font_container=&#8221;tag:h3|text_align:center|color:%23ffffff&#8221; use_theme_fonts=&#8221;yes&#8221; css_animation=&#8221;charsAnimInLong-1&#8243; css=&#8221;&#8221;][\/vc_column_inner][\/vc_row_inner][vc_row_inner el_class=&#8221;higher_index2&#8243;][vc_column_inner][\/vc_column_inner][\/vc_row_inner][vc_row_inner parallax_container_speed=&#8221;&#8221; parallax_container_percentage=&#8221;&#8221; splitting_chars=&#8221;yes&#8221; el_class=&#8221;higher_index2&#8243;][vc_column_inner][\/vc_column_inner][\/vc_row_inner][vc_row_inner el_class=&#8221;absolute-element&#8221;][vc_column_inner][vc_icon type=&#8221;material&#8221; icon_material=&#8221;vc-material vc-material-arrow_downward&#8221; color=&#8221;custom&#8221; size=&#8221;xs&#8221; align=&#8221;center&#8221; css=&#8221;&#8221; link=&#8221;url:%23reso-first-section&#8221; el_class=&#8221;scroll-down-icon nav-to with-shadow&#8221; custom_color=&#8221;#ffffff&#8221;][\/vc_column_inner][\/vc_row_inner][\/vc_column][\/vc_row]<\/p>\n","protected":false},"author":2,"featured_media":0,"parent":0,"menu_order":0,"comment_status":"closed","ping_status":"closed","template":"template-home.php","meta":{"footnotes":""},"class_list":["post-1679","page","type-page","status-publish","hentry"],"_links":{"self":[{"href":"https:\/\/www.technoetiket.com\/index.php?rest_route=\/wp\/v2\/pages\/1679","targetHints":{"allow":["GET"]}}],"collection":[{"href":"https:\/\/www.technoetiket.com\/index.php?rest_route=\/wp\/v2\/pages"}],"about":[{"href":"https:\/\/www.technoetiket.com\/index.php?rest_route=\/wp\/v2\/types\/page"}],"author":[{"embeddable":true,"href":"https:\/\/www.technoetiket.com\/index.php?rest_route=\/wp\/v2\/users\/2"}],"replies":[{"embeddable":true,"href":"https:\/\/www.technoetiket.com\/index.php?rest_route=%2Fwp%2Fv2%2Fcomments&post=1679"}],"version-history":[{"count":2,"href":"https:\/\/www.technoetiket.com\/index.php?rest_route=\/wp\/v2\/pages\/1679\/revisions"}],"predecessor-version":[{"id":1783,"href":"https:\/\/www.technoetiket.com\/index.php?rest_route=\/wp\/v2\/pages\/1679\/revisions\/1783"}],"wp:attachment":[{"href":"https:\/\/www.technoetiket.com\/index.php?rest_route=%2Fwp%2Fv2%2Fmedia&parent=1679"}],"curies":[{"name":"wp","href":"https:\/\/api.w.org\/{rel}","templated":true}]}}